{"id":2,"date":"2019-10-04T13:34:11","date_gmt":"2019-10-04T12:34:11","guid":{"rendered":"https:\/\/www.panteos.dk\/?page_id=2"},"modified":"2025-11-18T14:14:01","modified_gmt":"2025-11-18T13:14:01","slug":"sample-page","status":"publish","type":"page","link":"https:\/\/www.panteos.dk\/","title":{"rendered":"Homepage"},"content":{"rendered":"\n<div class=\"block hero container\">\n    <div class=\"hero__inner\" style='background-image: url(https:\/\/www.panteos.dk\/wp-content\/uploads\/2019\/10\/3.jpg)' data-aos=\"fade-up\">\n        <div class=\"hero__content\">\n            <h1 class=\"h1\">Professionel <br>pantebrevsadministration<\/h1>\n                            <div class=\"wysiwyg--big\">\n                    <p>Panteos er et system til l\u00e5ntagning, afregning og administration af l\u00e5n og pantebreve.<\/p>\n                <\/div>\n                                        <a class=\"button\" href=\"#produkt\" target=\"_self\">L\u00e6s om produkt<\/a>\n                    <\/div>\n    <\/div>\n<\/div>\n\n\n\n<div class=\"block scroll-link\" id=\"produkt\"><\/div>\n\n\n\n<div class=\"block media-text media-right container\">\n    <div class=\"media-text__inner grid-2col\" data-aos=\"fade-up\">\n        <div class=\"left col\">\n            <div class=\"wysiwyg\"><h2 class=\"p1\"><span class=\"s1\">Lettere med Panteos<\/span><\/h2>\n<p class=\"p1\"><span class=\"s1\">I Panteos er der lagt v\u00e6gt p\u00e5 at minimere tidsforbruget p\u00e5 de tunge arbejdsopgaver. Der er f.eks. gjort meget for at lette h\u00e5ndteringen af rykker- og inkassofunktionen. Rykkerk\u00f8rsel sker s\u00e5ledes automatisk med udsendelse af rykkerskrivelser via Betalingsservice.<\/span><\/p>\n<p class=\"p1\"><span class=\"s1\">Der kan hurtigt og nemt foretages opg\u00f8relse til tvangsauktioner, lige som der via dataintegration til Statstidende foretages opf\u00f8lgning p\u00e5 offentligg\u00f8relse af d\u00f8dsboer, konkurser, tvangsauktioner m.fl.\u00a0<\/span><\/p>\n<p class=\"p1\"><span class=\"s1\">H\u00e5ndtering af variabelt forrentede l\u00e5n er en funktion, som foretages nemt i Panteos.\u00a0<\/span><span class=\"s1\">Ved opdatering af rentesatsen et sted er systemet i stand til at foretage alle n\u00f8dvendige \u00e6ndringer i renter og foretage genberegning af ydelser p\u00e5 alle ber\u00f8rte l\u00e5n.\u00a0<\/span><\/p>\n<\/div>\n                    <\/div>\n        <div class=\"right col\">\n                                <img decoding=\"async\" src=\"https:\/\/www.panteos.dk\/wp-content\/uploads\/2019\/10\/1.jpg\" alt=\"\" \/>\n                        <\/div>\n    <\/div>\n<\/div>\n\n\n\n<div class=\"block info-boxes container\">\n    <ul class=\"grid-boxes grid-3col\" data-aos=\"fade-up\">\n                        <li class=\"col\">\n                    <div class=\"box__inner\">\n                                                <img decoding=\"async\" class=\"box__icon\" src=\"https:\/\/www.panteos.dk\/wp-content\/uploads\/2019\/10\/icon_3.svg\" alt=\"\"\/>\n                                                <div class=\"wysiwyg\"><p><span class=\"s1\">Panteos er implementeret p\u00e5 Microsoft .Net platformen, og integrerer til Microsoft Office, hvor igennem alle udskrifter og rapporter genereres, enten til udskrift eller til afsendelse via mail.<\/span><\/p>\n<\/div>\n                    <\/div>\n                <\/li>\n                                <li class=\"col\">\n                    <div class=\"box__inner\">\n                                                <img decoding=\"async\" class=\"box__icon\" src=\"https:\/\/www.panteos.dk\/wp-content\/uploads\/2019\/10\/icon_1.svg\" alt=\"\"\/>\n                                                <div class=\"wysiwyg\"><p class=\"p1\"><span class=\"s1\">Systemet har snitflader til alle relevante eksterne systemer som Betalingsservice, CPR, Tinglysning, RKI , Nationalbanken, Skat osv.<\/span><\/p>\n<\/div>\n                    <\/div>\n                <\/li>\n                                <li class=\"col\">\n                    <div class=\"box__inner\">\n                                                <img decoding=\"async\" class=\"box__icon\" src=\"https:\/\/www.panteos.dk\/wp-content\/uploads\/2019\/10\/icon_2.svg\" alt=\"\"\/>\n                                                <div class=\"wysiwyg\"><p class=\"p1\"><span class=\"s1\">Panteos giver mulighed for at tilpasse brugerroller, der passer ind i organisationens arbejdsdeling og ansvar. <\/span><\/p>\n<\/div>\n                    <\/div>\n                <\/li>\n                    <\/ul>\n<\/div>\n\n\n\n<div class=\"block headline-text container\">\n    <div class=\"grid-2col\" data-aos=\"fade-up\">\n        <div class=\"left col\">\n            <h2 class=\"h3\">Der administreres for flere mia. i Panteos p\u00e5 tv\u00e6rs af Triforks kunder. <\/h2>\n        <\/div>\n        <div class=\"right col\">\n            <div class=\"wysiwyg\"><p class=\"p1\"><span class=\"s1\">Hovedfunktionsomr\u00e5derne er indenfor tilbuds- og l\u00e5ngivning med pant, f\u00f8rst og fremmest i fast ejendom. Herunder administration af pantebreve, hvor<span class=\"Apple-converted-space\">\u00a0 <\/span>Panteos underst\u00f8tter opgaver som opkr\u00e6vninger, ejerskifte, omprioritering og ikke mindst n\u00f8dlidende pantebreve med henblik p\u00e5 inkassoh\u00e5ndtering, afdragsordning, tvangsauktion og fordringer.<\/span><\/p>\n<\/div>\n        <\/div>\n    <\/div>\n<\/div>\n\n\n\n<div class=\"block block-wysiwyg container\">\n    <div data-aos=\"fade-up\">\n        <div class=\"wysiwyg\"><h2>Key Features<\/h2>\n<\/div>\n            <\/div>\n<\/div>\n\n\n\n<div class=\"block checked-list container\">\n    <ul data-aos=\"fade-up\">\n                        <li><p>Automatisering af de administrativt tunge arbejdsopgaver<\/p><\/li>\n                                <li><p>Windows brugergr\u00e6nseflade<\/p><\/li>\n                                <li><p>Direkte integration til Microsoft Office<\/p><\/li>\n                                <li><p>Automatiske og avancerede ejendomsv\u00e6rdiberegninger<\/p><\/li>\n                                <li><p>V\u00e6rkt\u00f8jer til n\u00f8dlidende sager og inkasso<\/p><\/li>\n                                <li><p>Fordringsmodul med v\u00e6gt p\u00e5 opf\u00f8lgning og for\u00e6ldelse<\/p><\/li>\n                                <li><p>Et fremtidssikret system under fortsat udvikling<\/p><\/li>\n                                <li><p>Tilg\u00e6ngelige sletterutiner<\/p><\/li>\n                    <\/ul>\n<\/div>\n\n\n\n<div class=\"block block-wysiwyg container\">\n    <div data-aos=\"fade-up\">\n        <div class=\"wysiwyg\"><h2 class=\"p1\"><span class=\"s1\">Snitflader til eksterne systemer<\/span><\/h2>\n<\/div>\n            <\/div>\n<\/div>\n\n\n\n<div class=\"block info-boxes container\">\n    <ul class=\"grid-boxes grid-4col\" data-aos=\"fade-up\">\n                        <li class=\"col\">\n                    <div class=\"box__inner\">\n                                                <div class=\"wysiwyg\"><h4 class=\"p1\"><span class=\"s1\">SKAT<\/span><\/h4>\n<ul>\n<li class=\"p1\"><span class=\"s1\">Kvartalsvis indberetning og tilbagemelding<\/span><\/li>\n<\/ul>\n<\/div>\n                    <\/div>\n                <\/li>\n                                <li class=\"col\">\n                    <div class=\"box__inner\">\n                                                <div class=\"wysiwyg\"><h4>BETALINGSSERVICE<\/h4>\n<ul>\n<li class=\"p1\"><span class=\"s1\">Udsendelse af opkr\u00e6vninger og rykkere<\/span><\/li>\n<li class=\"p1\"><span class=\"s1\">Modtagelse af indbetalinger<\/span><\/li>\n<li class=\"p1\"><span class=\"s1\">Af- og tilmelding til PBS<\/span><\/li>\n<\/ul>\n<\/div>\n                    <\/div>\n                <\/li>\n                                <li class=\"col\">\n                    <div class=\"box__inner\">\n                                                <div class=\"wysiwyg\"><h4 class=\"p1\"><span class=\"s1\">CVR<\/span><\/h4>\n<ul>\n<li class=\"p1\"><span class=\"s1\">Direkte opslag<\/span><\/li>\n<\/ul>\n<\/div>\n                    <\/div>\n                <\/li>\n                                <li class=\"col\">\n                    <div class=\"box__inner\">\n                                                <div class=\"wysiwyg\"><h4>CPR<\/h4>\n<ul>\n<li>Direkte opslag<\/li>\n<li class=\"p1\"><span class=\"s1\">Navne- og adresse\u00e6ndringer<\/span><\/li>\n<\/ul>\n<\/div>\n                    <\/div>\n                <\/li>\n                                <li class=\"col\">\n                    <div class=\"box__inner\">\n                                                <div class=\"wysiwyg\"><h4>DAWA<\/h4>\n<ul>\n<li class=\"p1\"><span class=\"s1\">Adressevalidering p\u00e5 juridiske enheder og ejendomme<\/span><\/li>\n<\/ul>\n<\/div>\n                    <\/div>\n                <\/li>\n                                <li class=\"col\">\n                    <div class=\"box__inner\">\n                                                <div class=\"wysiwyg\"><h4 class=\"p1\"><span class=\"s1\">Nationalbanken<\/span><\/h4>\n<ul>\n<li class=\"p1\"><span class=\"s1\">Hentning af valutakurser<\/span><\/li>\n<li>Hentning af rentesatser (Diskonto, Folio, Udl\u00e5n &amp; Indskudsbevis)<\/li>\n<\/ul>\n<\/div>\n                    <\/div>\n                <\/li>\n                                <li class=\"col\">\n                    <div class=\"box__inner\">\n                                                <div class=\"wysiwyg\"><h4>Statstidende<\/h4>\n<ul>\n<li><span class=\"s1\">Relevante meddelelser, bl.a. D\u00f8dsboer, g\u00e6ldssaneringer og tvangsauktioner mv.<\/span><\/li>\n<\/ul>\n<\/div>\n                    <\/div>\n                <\/li>\n                                <li class=\"col\">\n                    <div class=\"box__inner\">\n                                                <div class=\"wysiwyg\"><h4>Ejendomsoplysninger<\/h4>\n<ul>\n<li><span class=\"s1\">Direkte opslag hos tinglysning<\/span><\/li>\n<li><span class=\"s1\">Offentlige vurderinger<\/span><\/li>\n<li><span class=\"s1\">Historiske handelspriser<\/span><\/li>\n<\/ul>\n<\/div>\n                    <\/div>\n                <\/li>\n                    <\/ul>\n<\/div>\n\n\n\n<div class=\"block scroll-link\" id=\"adgang\"><\/div>\n\n\n\n<div class=\"block custom-panteos-1 container\">\n    <div class=\"custom-panteos__inner\" data-aos=\"fade-up\">\n        <div class=\"wysiwyg--big\"><h2>Adgang til Panteos<\/h2>\n<p class=\"p1\"><span class=\"s1\">Trifork tilbyder produktet enten som software as a service hvor Trifork h\u00e5ndterer drift og hosting eller som et produkt der kan installeres p\u00e5 kundens egen IT-platform.<\/span><\/p>\n<\/div>\n        <ul>\n                                <li>\n                                                    <img decoding=\"async\" src=\"https:\/\/www.panteos.dk\/wp-content\/uploads\/2019\/10\/icon_licence.svg\" alt=\"\" \/>\n                                                <p>Licensmodellen for produktet er baseret p\u00e5 en \u00e5rlig licens til anvendelse af produktet samt en volumenbaseret licens der justeres i forhold til antallet af pantebreve og aktive brugere p\u00e5 systemet. Support indg\u00e5r som en naturlig del af aftalen.<\/p>\n                    <\/li>\n                                        <li>\n                                                    <img decoding=\"async\" src=\"https:\/\/www.panteos.dk\/wp-content\/uploads\/2019\/10\/icon_offer.svg\" alt=\"\" \/>\n                                                <p>Specifikke tilbud udarbejdes efter n\u00e6rmere aftale og dr\u00f8ftelse af den \u00f8nskede projektst\u00f8tte til gennemf\u00f8relse af et implementeringsprojekt. <\/p>\n                    <\/li>\n                                        <li>\n                                                    <img decoding=\"async\" src=\"https:\/\/www.panteos.dk\/wp-content\/uploads\/2019\/10\/icon_study.svg\" alt=\"\" \/>\n                                                <p>Uddannelse i systemanvendelse gennemf\u00f8res som en fast del af opstarten.<\/p>\n                    <\/li>\n                            <\/ul>\n                    <a class=\"button\" href=\"#kontakt\" target=\"_self\">Kontakt Os<\/a>\n            <\/div>\n            <img decoding=\"async\" class=\"custom-panteos__image\" src=\"https:\/\/www.panteos.dk\/wp-content\/uploads\/2019\/10\/panteos-1.jpg\" alt=\"\" \/>\n    <\/div>\n\n\n\n<div class=\"block scroll-link\" id=\"om\"><\/div>\n\n\n\n<div class=\"block media-text media-right container\">\n    <div class=\"media-text__inner grid-2col\" data-aos=\"fade-up\">\n        <div class=\"left col\">\n            <div class=\"wysiwyg\"><h2 class=\"p1\"><span class=\"s1\">Om Panteos<\/span><\/h2>\n<p class=\"p1\"><span class=\"s1\">Forl\u00f8beren til Panteos &#8211; PANT400 &#8211; blev oprindeligt udviklet af selskabet Delta Software i slutningen af 80\u00b4erne med flere pengeinstitutter som de f\u00f8rste brugere.\u00a0<\/span><\/p>\n<p class=\"p1\"><span class=\"s1\">Trifork startede udviklingen af Panteos i 2005 med Dansk Pantebrevsb\u00f8rs A\/S som f\u00f8rste kunde.<\/span><\/p>\n<p class=\"p1\"><span class=\"s1\">I 2007 opk\u00f8bte Trifork Delta Software og PANT400 blev en del af Triforks produktportef\u00f8lje. I de efterf\u00f8lgende \u00e5r blev udviklingen af Panteos intensiveret i t\u00e6t samarbejde med Finansiel Stabilitet og mange af de oprindelige PANT400 kunder migreret til Panteos. <\/span><\/p>\n<p class=\"p1\"><span class=\"s1\">Indtil 2015, hvor den sidste bruger overgik fra PANT400 til Panteos, fungerede begge systemer sidel\u00f8bende.<\/span><\/p>\n<p class=\"p1\"><span class=\"s1\">Triforks oprindelige navn var EOS (Eastfork Object Space) &#8211; og deraf kom navnet PantEOS.<\/span><\/p>\n<p class=\"p1\"><span class=\"s1\">Produktet Panteos h\u00f8rer organisatorisk til i Triforks afdeling p\u00e5 Porten i K\u00f8benhavn, men har kunder over hele landet.<\/span><\/p>\n<\/div>\n                    <\/div>\n        <div class=\"right col\">\n                                <img decoding=\"async\" src=\"https:\/\/www.panteos.dk\/wp-content\/uploads\/2019\/10\/2.jpg\" alt=\"\" \/>\n                        <\/div>\n    <\/div>\n<\/div>\n\n\n\n<div class=\"block contact container\" id=\"kontakt\">\n    <div class=\"contact__inner\" data-aos=\"fade-up\">\n        <h2 class=\"h2\">Kontakt Os<\/h2>\n        <div class=\"grid-2col\">\n            <a class=\"col\" href=\"mailto:panteos@trifork.com\">\n                <img decoding=\"async\" src=\"https:\/\/www.panteos.dk\/wp-content\/themes\/dw-theme\/img\/icon_mail.svg\" alt=\"Panteos Contact Email\"\/>\n                <span>panteos@trifork.com<\/span>\n            <\/a>\n            <a class=\"col\" href=\"tel:+45 77 77 87 87\">\n                <img decoding=\"async\" src=\"https:\/\/www.panteos.dk\/wp-content\/themes\/dw-theme\/img\/icon_phone.svg\" alt=\"Panteos Contact Phone Number\"\/>\n                <span>+45 77 77 87 87<\/span>\n            <\/a>\n        <\/div>\n        <div>\n            <a href=\"https:\/\/www.google.com\/maps\/place\/Trifork+A%2FS\/@55.7067416,12.5991104,18z\/data=!4m14!1m7!3m6!1s0x465259a7de12f5c7:0x18deb63f9167c3fc!2sTrifork+A%2FS!8m2!3d55.6846749!4d12.5862967!16s%2Fg%2F1td1hlsj!3m5!1s0x465253270751152b:0x3c9d990d51ec568b!8m2!3d55.7075525!4d12.5997242!16s%2Fg%2F11svq8_g2q?entry=ttu\" target=\"_blank\">\n                <img decoding=\"async\" src=\"https:\/\/www.panteos.dk\/wp-content\/themes\/dw-theme\/img\/icon_location.svg\" alt=\"Panteos Office Location\"\/>\n                <span>Panteos<br \/>\r\nc\/o Trifork A\/S<br \/>\r\nGdanskgade 2 <br \/>\r\n2150  Nordhavn<\/span>\n            <\/a>\n        <\/div>\n    <\/div>\n<\/div>\n","protected":false},"excerpt":{"rendered":"","protected":false},"author":1,"featured_media":0,"parent":0,"menu_order":0,"comment_status":"closed","ping_status":"open","template":"","meta":[],"acf":[],"_links":{"self":[{"href":"https:\/\/www.panteos.dk\/index.php?rest_route=\/wp\/v2\/pages\/2"}],"collection":[{"href":"https:\/\/www.panteos.dk\/index.php?rest_route=\/wp\/v2\/pages"}],"about":[{"href":"https:\/\/www.panteos.dk\/index.php?rest_route=\/wp\/v2\/types\/page"}],"author":[{"embeddable":true,"href":"https:\/\/www.panteos.dk\/index.php?rest_route=\/wp\/v2\/users\/1"}],"replies":[{"embeddable":true,"href":"https:\/\/www.panteos.dk\/index.php?rest_route=%2Fwp%2Fv2%2Fcomments&post=2"}],"version-history":[{"count":14,"href":"https:\/\/www.panteos.dk\/index.php?rest_route=\/wp\/v2\/pages\/2\/revisions"}],"predecessor-version":[{"id":111,"href":"https:\/\/www.panteos.dk\/index.php?rest_route=\/wp\/v2\/pages\/2\/revisions\/111"}],"wp:attachment":[{"href":"https:\/\/www.panteos.dk\/index.php?rest_route=%2Fwp%2Fv2%2Fmedia&parent=2"}],"curies":[{"name":"wp","href":"https:\/\/api.w.org\/{rel}","templated":true}]}}